{"id":4,"date":"2026-01-10T16:50:11","date_gmt":"2026-01-10T14:50:11","guid":{"rendered":"http:\/\/wp13472584.server-he.de\/?page_id=4"},"modified":"2026-01-10T16:59:56","modified_gmt":"2026-01-10T14:59:56","slug":"datenschutzerklaerung","status":"publish","type":"page","link":"https:\/\/www.sovd-neustadt.de\/?page_id=4","title":{"rendered":"Datenschutzerkl\u00e4rung"},"content":{"rendered":"\n<h2 class=\"wp-block-heading\">Wer wir sind<\/h2>\n\n\n\n<p>Die Adresse unserer Website ist: https:\/\/www.sovd-neustadt.de<\/p>\n\n\n\n<p>Sozialverband Deutschland Landesverband Schleswig-Holstein e. V.<br>Maria-Merian-Stra\u00dfe 7<br>24145&nbsp;Kiel<br>Telefon: 0431 \/ 65 95 94 \u2013 0<br>Fax: 0431 \/ 65 95 94 \u2013 99<br><a href=\"https:\/\/www.sovd-ostholstein.de\/impressum#\">info(at)sovd-sh.de<\/a><\/p>\n\n\n\n<h4 class=\"wp-block-heading\">Ortsverband Neustadt in Holstein<\/h4>\n\n\n\n<p>Ansprechpartner: 1. Vorsitzende Antje H\u00fcttmann<br>Adresse: Kirchhofsallee 32, 23730 Neustadt in Holstein<br>E-Mail: <a href=\"mailto:sovd-ov-neustadt@gmx.de\">sovd-ov-neustadt@gmx.de<\/a><br>Telefon: 04561\/3587<\/p>\n\n\n\n<p>Die Erhebung und Verarbeitung personenbezogener Daten erfolgt gem\u00e4\u00df der Datenschutzerkl\u00e4rung des Sozialverband Deutschland Landesverband Schleswig-Holstein e. V.:<br><a href=\"https:\/\/www.sovd-ostholstein.de\/datenschutz\">https:\/\/www.sovd-ostholstein.de\/datenschutz<\/a> | <a href=\"https:\/\/www.sovd-sh.de\/datenschutz\">https:\/\/www.sovd-sh.de\/datenschutz<\/a><\/p>\n\n\n\n<p>Hinweis f\u00fcr den Ortsverband:<br>Wenn Sie \u00fcber diese Webseite personenbezogene Daten (z. B. \u00fcber das Kontaktformular) an den Ortsverband Neustadt \u00fcbermitteln, werden diese Daten ausschlie\u00dflich zur Bearbeitung Ihrer Anfrage genutzt und nicht an Dritte weitergegeben.<\/p>\n\n\n\n<h2 class=\"wp-block-heading\">Welche personenbezogenen Daten wir sammeln und warum wir sie sammeln<\/h2>\n\n\n\n<h3 class=\"wp-block-heading\">Cookies<\/h3>\n\n\n\n<p>Diese Website verwendet nur unbedingt erforderliche Cookies, z.\u202fB. f\u00fcr die technische Funktionalit\u00e4t. Es werden keine personenbezogenen Daten \u00fcber Cookies erhoben oder gespeichert.<\/p>\n\n\n\n<h3 class=\"wp-block-heading\">Eingebettete Inhalte von anderen Websites<\/h3>\n\n\n\n<p>Beitr\u00e4ge auf dieser Website k\u00f6nnen eingebettete Inhalte beinhalten (z.&nbsp;B. Videos, Bilder, Beitr\u00e4ge etc.). Eingebettete Inhalte von anderen Websites verhalten sich exakt so, als ob der Besucher die andere Website besucht h\u00e4tte.<\/p>\n\n\n\n<p>Diese Websites k\u00f6nnen Daten \u00fcber dich sammeln, Cookies benutzen, zus\u00e4tzliche Tracking-Dienste von Dritten einbetten und deine Interaktion mit diesem eingebetteten Inhalt aufzeichnen, inklusive deiner Interaktion mit dem eingebetteten Inhalt, falls du ein Konto hast und auf dieser Website angemeldet bist.<\/p>\n","protected":false},"excerpt":{"rendered":"<p>Wer wir sind Die Adresse unserer Website ist: https:\/\/www.sovd-neustadt.de Sozialverband Deutschland Landesverband Schleswig-Holstein e. V.Maria-Merian-Stra\u00dfe 724145&nbsp;KielTelefon: 0431 \/ 65 95 94 \u2013 0Fax: 0431 \/ 65 95 94 \u2013 99info(at)sovd-sh.de Ortsverband Neustadt in Holstein Ansprechpartner: 1. Vorsitzende Antje H\u00fcttmannAdresse: Kirchhofsallee<\/p>\n","protected":false},"author":1,"featured_media":0,"parent":0,"menu_order":0,"comment_status":"closed","ping_status":"closed","template":"","meta":{"footnotes":""},"class_list":["post-4","page","type-page","status-publish","hentry"],"_links":{"self":[{"href":"https:\/\/www.sovd-neustadt.de\/index.php?rest_route=\/wp\/v2\/pages\/4","targetHints":{"allow":["GET"]}}],"collection":[{"href":"https:\/\/www.sovd-neustadt.de\/index.php?rest_route=\/wp\/v2\/pages"}],"about":[{"href":"https:\/\/www.sovd-neustadt.de\/index.php?rest_route=\/wp\/v2\/types\/page"}],"author":[{"embeddable":true,"href":"https:\/\/www.sovd-neustadt.de\/index.php?rest_route=\/wp\/v2\/users\/1"}],"replies":[{"embeddable":true,"href":"https:\/\/www.sovd-neustadt.de\/index.php?rest_route=%2Fwp%2Fv2%2Fcomments&post=4"}],"version-history":[{"count":3,"href":"https:\/\/www.sovd-neustadt.de\/index.php?rest_route=\/wp\/v2\/pages\/4\/revisions"}],"predecessor-version":[{"id":338,"href":"https:\/\/www.sovd-neustadt.de\/index.php?rest_route=\/wp\/v2\/pages\/4\/revisions\/338"}],"wp:attachment":[{"href":"https:\/\/www.sovd-neustadt.de\/index.php?rest_route=%2Fwp%2Fv2%2Fmedia&parent=4"}],"curies":[{"name":"wp","href":"https:\/\/api.w.org\/{rel}","templated":true}]}}