{"id":330,"date":"2026-01-10T16:42:20","date_gmt":"2026-01-10T14:42:20","guid":{"rendered":"https:\/\/www.sovd-neustadt.de\/?page_id=330"},"modified":"2026-03-08T12:59:45","modified_gmt":"2026-03-08T10:59:45","slug":"impressum","status":"publish","type":"page","link":"https:\/\/www.sovd-neustadt.de\/?page_id=330","title":{"rendered":"Impressum"},"content":{"rendered":"\n<p>Sozialverband Deutschland Landesverband Schleswig-Holstein e. V.<br>Maria-Merian-Stra\u00dfe 7<br>24145&nbsp;Kiel<br>Telefon: 0431 \/ 65 95 94 &#8211; 0<br>Fax: 0431 \/ 65 95 94 &#8211; 99<br><a href=\"https:\/\/www.sovd-ostholstein.de\/impressum#\">info(at)sovd-sh.de<\/a><\/p>\n\n\n\n<h4 class=\"wp-block-heading\">Ortsverband Neustadt in Holstein<\/h4>\n\n\n\n<p>Ansprechpartner: 1. Vorsitzende Antje H\u00fcttmann<br>Adresse: Kirchhofsallee 32, 23730 Neustadt in Holstein<br>E-Mail: <a href=\"mailto:sovd-ov-neustadt@gmx.de\">sovd-ov-neustadt@gmx.de<\/a><br>Telefon: 04561\/3587<\/p>\n\n\n\n<p>Haftungshinweis:<br>Trotz sorgf\u00e4ltiger inhaltlicher Kontrolle \u00fcbernehmen wir keine Haftung f\u00fcr die Inhalte externer Links. F\u00fcr den Inhalt der verlinkten Seiten sind ausschlie\u00dflich deren Betreiber verantwortlich.<\/p>\n","protected":false},"excerpt":{"rendered":"<p>Sozialverband Deutschland Landesverband Schleswig-Holstein e. V.Maria-Merian-Stra\u00dfe 724145&nbsp;KielTelefon: 0431 \/ 65 95 94 &#8211; 0Fax: 0431 \/ 65 95 94 &#8211; 99info(at)sovd-sh.de Ortsverband Neustadt in Holstein Ansprechpartner: 1. Vorsitzende Antje H\u00fcttmannAdresse: Kirchhofsallee 32, 23730 Neustadt in HolsteinE-Mail: sovd-ov-neustadt@gmx.deTelefon: 04561\/3587 Haftungshinweis:Trotz sorgf\u00e4ltiger<\/p>\n","protected":false},"author":3,"featured_media":0,"parent":0,"menu_order":0,"comment_status":"closed","ping_status":"closed","template":"","meta":{"footnotes":""},"class_list":["post-330","page","type-page","status-publish","hentry"],"_links":{"self":[{"href":"https:\/\/www.sovd-neustadt.de\/index.php?rest_route=\/wp\/v2\/pages\/330","targetHints":{"allow":["GET"]}}],"collection":[{"href":"https:\/\/www.sovd-neustadt.de\/index.php?rest_route=\/wp\/v2\/pages"}],"about":[{"href":"https:\/\/www.sovd-neustadt.de\/index.php?rest_route=\/wp\/v2\/types\/page"}],"author":[{"embeddable":true,"href":"https:\/\/www.sovd-neustadt.de\/index.php?rest_route=\/wp\/v2\/users\/3"}],"replies":[{"embeddable":true,"href":"https:\/\/www.sovd-neustadt.de\/index.php?rest_route=%2Fwp%2Fv2%2Fcomments&post=330"}],"version-history":[{"count":2,"href":"https:\/\/www.sovd-neustadt.de\/index.php?rest_route=\/wp\/v2\/pages\/330\/revisions"}],"predecessor-version":[{"id":375,"href":"https:\/\/www.sovd-neustadt.de\/index.php?rest_route=\/wp\/v2\/pages\/330\/revisions\/375"}],"wp:attachment":[{"href":"https:\/\/www.sovd-neustadt.de\/index.php?rest_route=%2Fwp%2Fv2%2Fmedia&parent=330"}],"curies":[{"name":"wp","href":"https:\/\/api.w.org\/{rel}","templated":true}]}}