{"id":102,"date":"2020-03-09T17:30:24","date_gmt":"2020-03-09T15:30:24","guid":{"rendered":"http:\/\/wp13472584.server-he.de\/?page_id=102"},"modified":"2026-03-07T19:16:37","modified_gmt":"2026-03-07T17:16:37","slug":"termine","status":"publish","type":"page","link":"https:\/\/www.sovd-neustadt.de\/?page_id=102","title":{"rendered":"Termine &amp; Programm"},"content":{"rendered":"\n<p>Hier finden Sie die n\u00e4chste Termine. Details zu den jeweiligen Veranstaltungen sowie Informationen zur Anmeldung finden Sie unten im kompletten Programm f\u00fcr das 1. und 2. Halbjahr 2026.<\/p>\n\n\n\n<figure class=\"wp-block-table is-style-stripes\"><table class=\"has-fixed-layout\"><tbody><tr><td><strong>Termin<\/strong><\/td><td><strong>Veranstaltung \/ Ort<\/strong><\/td><td><strong>Beschreibung<\/strong><\/td><\/tr><tr><td>1. Samstag im Monat<br>14:30 Uhr\u00a0<\/td><td>Frauentreff<strong>\u00a0<\/strong><\/td><td>in der Begegnungsst\u00e4tte \u201eAm Berliner Platz\u201c\u00a0mit Kaffee und Kuchen<\/td><\/tr><tr><td>Samstag, 21. M\u00e4rz 2026\u00a0<\/td><td>Tagesfahrt<br>zum Landgest\u00fct Traventhal\u00a0<\/td><td>Bratkartoffelb\u00fcffet und anschlie\u00dfender Besuch des Ostermarktes<\/td><\/tr><tr><td>Freitag, 17. April 2026<br>18:00 Uhr<\/td><td>Skat- und Kniffelabend\u00a0<br>im Kremper Krug<\/td><td>Spieleabend mit attraktiven Preisen<\/td><\/tr><tr><td>Samstag, 09. Mai 2026<\/td><td>Ausflug<br>zur\u00a0Schleifahrt <\/td><td>Fahrt mit historischem Raddampfer incl. leckerem B\u00fcffet und anschlie\u00dfender Freizeit in Kappeln<\/td><\/tr><tr><td>Donnerstag, 04. Juni 2026\u00a0<br>18:00 Uhr<\/td><td>Informationsabend zur Bedienung eines Defibrillatorsim Kemper Krug<\/td><td>Erfahren Sie, wie Sie im Notfall mit einem Defibrillator (AED) richtig handeln um Leben zu retten.<\/td><\/tr><tr><td>Sonntag, 13. bis Donnerstag, 17. September 2026\u00a0<\/td><td>Jubil\u00e4umsfahrt\u00a0<br>nach Bad Bevensen<\/td><td>\u00dcbernachtung im Heidehotel incl. Hin- und R\u00fcckfahrt, Verpflegung sowie Tagesfahrten<\/td><\/tr><tr><td>Samstag, 11. Juli 2026\u00a0<\/td><td>Tagesausflug<br>nach Walsrode\u00a0<\/td><td>Besuch des Weltvogelparks<\/td><\/tr><tr><td>Donnerstag, 13.August 2026\u00a0<br>im 18:00 Uhr<\/td><td>Informationsabend zur h\u00e4uslichen Pflege<br>im Kemper Krug<\/td><td>Informationen vom Pflegest\u00fctzpunkt Oldenburg \u00fcber die M\u00f6glichkeiten der h\u00e4uslichen Pflege<strong>.\u00a0<\/strong><\/td><\/tr><tr><td>Sonntag, 6. September 2026<br>um 11:00 Uhr\u00a0<\/td><td>Jubil\u00e4umsfeier\u00a0<br>im Kemper Krug<\/td><td>Empfang zum 80-j\u00e4hrigen Bestehen des SoVD-Ortsverbandes Neustadt\u00a0<\/td><\/tr><tr><td>Samstag, 24. Oktober 2026<br>um 15:00 Uhr<\/td><td>Bingo-Spiel-Nachmittag<br>im Kemper Krug<\/td><td>spannende Bingorunden mit tollen Preisen bei Kaffee und Kuchen<\/td><\/tr><tr><td>Samstag, 21. November 2026<\/td><td>Jahresabschlussessen\u00a0<\/td><td>Jahresausklang mit Gr\u00fcnkohlessen und \u00dcberraschungsgast<\/td><\/tr><\/tbody><\/table><\/figure>\n\n\n\n<p><strong>Programm f\u00fcr das 1. Halbjahr 2026<\/strong><\/p>\n\n\n\n<div data-wp-interactive=\"core\/file\" class=\"wp-block-file\"><object data-wp-bind--hidden=\"!state.hasPdfPreview\" hidden class=\"wp-block-file__embed\" data=\"https:\/\/www.sovd-neustadt.de\/wp-b5163-content\/uploads\/2026\/03\/Flyer-01.2026-7.pdf\" type=\"application\/pdf\" style=\"width:100%;height:600px\" aria-label=\"Einbettung von Flyer 01.2026.\"><\/object><a id=\"wp-block-file--media-4d33054d-b7ae-4588-a4cd-a891c2d867e3\" href=\"https:\/\/www.sovd-neustadt.de\/wp-b5163-content\/uploads\/2026\/03\/Flyer-01.2026-7.pdf\">Flyer 01.2026<\/a><a href=\"https:\/\/www.sovd-neustadt.de\/wp-b5163-content\/uploads\/2026\/03\/Flyer-01.2026-7.pdf\" class=\"wp-block-file__button wp-element-button\" download aria-describedby=\"wp-block-file--media-4d33054d-b7ae-4588-a4cd-a891c2d867e3\">Herunterladen<\/a><\/div>\n\n\n\n<p><strong>Programm f\u00fcr das 2. Halbjahr 2026<\/strong><\/p>\n\n\n\n<div data-wp-interactive=\"core\/file\" class=\"wp-block-file\"><object data-wp-bind--hidden=\"!state.hasPdfPreview\" hidden class=\"wp-block-file__embed\" data=\"https:\/\/www.sovd-neustadt.de\/wp-b5163-content\/uploads\/2026\/03\/Flyer-02\u00ad\u00ad\u00ad.2026.pdf\" type=\"application\/pdf\" style=\"width:100%;height:600px\" aria-label=\"Einbettung von Flyer 02\u00ad\u00ad\u00ad.2026.\"><\/object><a id=\"wp-block-file--media-db202c49-4a1f-4b0c-80c8-194b5c4d3a8b\" href=\"https:\/\/www.sovd-neustadt.de\/wp-b5163-content\/uploads\/2026\/03\/Flyer-02\u00ad\u00ad\u00ad.2026.pdf\">Flyer 02\u00ad\u00ad\u00ad.2026<\/a><a href=\"https:\/\/www.sovd-neustadt.de\/wp-b5163-content\/uploads\/2026\/03\/Flyer-02\u00ad\u00ad\u00ad.2026.pdf\" class=\"wp-block-file__button wp-element-button\" download aria-describedby=\"wp-block-file--media-db202c49-4a1f-4b0c-80c8-194b5c4d3a8b\">Herunterladen<\/a><\/div>\n","protected":false},"excerpt":{"rendered":"<p>Hier finden Sie die n\u00e4chste Termine. Details zu den jeweiligen Veranstaltungen sowie Informationen zur Anmeldung finden Sie unten im kompletten Programm f\u00fcr das 1. und 2. Halbjahr 2026. Termin Veranstaltung \/ Ort Beschreibung 1. Samstag im Monat14:30 Uhr\u00a0 Frauentreff\u00a0 in<\/p>\n","protected":false},"author":1,"featured_media":0,"parent":0,"menu_order":0,"comment_status":"closed","ping_status":"closed","template":"","meta":{"footnotes":""},"class_list":["post-102","page","type-page","status-publish","hentry"],"_links":{"self":[{"href":"https:\/\/www.sovd-neustadt.de\/index.php?rest_route=\/wp\/v2\/pages\/102","targetHints":{"allow":["GET"]}}],"collection":[{"href":"https:\/\/www.sovd-neustadt.de\/index.php?rest_route=\/wp\/v2\/pages"}],"about":[{"href":"https:\/\/www.sovd-neustadt.de\/index.php?rest_route=\/wp\/v2\/types\/page"}],"author":[{"embeddable":true,"href":"https:\/\/www.sovd-neustadt.de\/index.php?rest_route=\/wp\/v2\/users\/1"}],"replies":[{"embeddable":true,"href":"https:\/\/www.sovd-neustadt.de\/index.php?rest_route=%2Fwp%2Fv2%2Fcomments&post=102"}],"version-history":[{"count":17,"href":"https:\/\/www.sovd-neustadt.de\/index.php?rest_route=\/wp\/v2\/pages\/102\/revisions"}],"predecessor-version":[{"id":362,"href":"https:\/\/www.sovd-neustadt.de\/index.php?rest_route=\/wp\/v2\/pages\/102\/revisions\/362"}],"wp:attachment":[{"href":"https:\/\/www.sovd-neustadt.de\/index.php?rest_route=%2Fwp%2Fv2%2Fmedia&parent=102"}],"curies":[{"name":"wp","href":"https:\/\/api.w.org\/{rel}","templated":true}]}}